{"id":287776,"date":"2022-07-12T03:19:53","date_gmt":"2022-07-12T01:19:53","guid":{"rendered":"http:\/\/convergence-radiologie.fr\/?page_id=287776"},"modified":"2022-07-12T03:19:53","modified_gmt":"2022-07-12T01:19:53","slug":"imprint","status":"publish","type":"page","link":"https:\/\/convergence-radiologie.fr\/en\/print\/","title":{"rendered":"Print"},"content":{"rendered":"<!-- Legal document generated by Complianz | GDPR\/CCPA Cookie Consent https:\/\/wordpress.org\/plugins\/complianz-gdpr -->\n<div id=\"cmplz-document\" class=\"cmplz-document impressum cmplz-document-all\"><p><i>This imprint was last updated on 18 January 2023.<\/i><\/p><p class=\"cmplz-subtitle\">The owner of this website is:<\/p><p>Convergence Radiologie Simplified Joint Stock Company<br>23 Edinburgh Street \u2013 75008 Paris<br>France<br>E-mail:&nbsp;<span class=\"cmplz-obfuscate\">rf&#046;eig&#111;&#x6c;oidar-ecn&#x65;gr&#101;vno&#x63;&#064;tcatnoc<\/span><br>Phone number: +33 6 13 01 17 13<br><\/p><p class=\"cmplz-subtitle\">The legal representative(s) of Convergence Radiologie Simplified Joint Stock Company:<\/p><p>St\u00e9phane Hincourt \u2013 CEO<\/p><h2>1. General<\/h2><p class=\"cmplz-subtitle\">1.1 We are registered at Affili\u00e9 au Registre du commerce et des soci\u00e9t\u00e9s under the license or registration number:<\/p><p>921 008 082<\/p><p>We are not willing or obliged to participate in dispute resolution procedures before a consumer arbitration board.<\/p><h2>2. The following information is mandatory according to German law.<\/h2><\/div>","protected":false},"excerpt":{"rendered":"","protected":false},"author":1,"featured_media":0,"parent":0,"menu_order":0,"comment_status":"closed","ping_status":"closed","template":"","meta":{"_seopress_robots_primary_cat":"","_seopress_titles_title":"","_seopress_titles_desc":"","_seopress_robots_index":"","_et_pb_use_builder":"","_et_pb_old_content":"","_et_gb_content_width":"","footnotes":""},"class_list":["post-287776","page","type-page","status-publish","hentry"],"_links":{"self":[{"href":"https:\/\/convergence-radiologie.fr\/en\/wp-json\/wp\/v2\/pages\/287776","targetHints":{"allow":["GET"]}}],"collection":[{"href":"https:\/\/convergence-radiologie.fr\/en\/wp-json\/wp\/v2\/pages"}],"about":[{"href":"https:\/\/convergence-radiologie.fr\/en\/wp-json\/wp\/v2\/types\/page"}],"author":[{"embeddable":true,"href":"https:\/\/convergence-radiologie.fr\/en\/wp-json\/wp\/v2\/users\/1"}],"replies":[{"embeddable":true,"href":"https:\/\/convergence-radiologie.fr\/en\/wp-json\/wp\/v2\/comments?post=287776"}],"version-history":[{"count":0,"href":"https:\/\/convergence-radiologie.fr\/en\/wp-json\/wp\/v2\/pages\/287776\/revisions"}],"wp:attachment":[{"href":"https:\/\/convergence-radiologie.fr\/en\/wp-json\/wp\/v2\/media?parent=287776"}],"curies":[{"name":"wp","href":"https:\/\/api.w.org\/{rel}","templated":true}]}}